{"id":801,"date":"2023-04-17T23:18:38","date_gmt":"2023-04-18T02:18:38","guid":{"rendered":"https:\/\/aiontecno.com.br\/?page_id=801"},"modified":"2023-04-18T00:08:11","modified_gmt":"2023-04-18T03:08:11","slug":"localizacao","status":"publish","type":"page","link":"https:\/\/aiontecno.com.br\/?page_id=801","title":{"rendered":"Localiza\u00e7\u00e3o"},"content":{"rendered":"\n<p>Rua Jo\u00e3o Fernando de Almeida Prado, 727 \u2013&nbsp;Centro \u2013 Macatuba \u2013 SP \u2013 17290-057<\/p>\n\n\n\n\n\n<figure class=\"wp-block-image size-large\"><img fetchpriority=\"high\" decoding=\"async\" width=\"1024\" height=\"461\" src=\"https:\/\/aiontecno.com.br\/wp-content\/uploads\/2023\/04\/Frente-Loja-2-1024x461.jpg\" alt=\"\" class=\"wp-image-810\" srcset=\"https:\/\/aiontecno.com.br\/wp-content\/uploads\/2023\/04\/Frente-Loja-2-1024x461.jpg 1024w, https:\/\/aiontecno.com.br\/wp-content\/uploads\/2023\/04\/Frente-Loja-2-300x135.jpg 300w, https:\/\/aiontecno.com.br\/wp-content\/uploads\/2023\/04\/Frente-Loja-2-768x346.jpg 768w, https:\/\/aiontecno.com.br\/wp-content\/uploads\/2023\/04\/Frente-Loja-2.jpg 1200w\" sizes=\"(max-width: 1024px) 100vw, 1024px\" \/><\/figure>\n\n\n\n<p> <\/p>\n\n\n\n<iframe data-src=\"https:\/\/www.google.com\/maps\/embed?pb=!1m18!1m12!1m3!1d651.6157001926567!2d-48.71136312541746!3d-22.500616988508575!2m3!1f0!2f0!3f0!3m2!1i1024!2i768!4f13.1!3m3!1m2!1s0x94c74d50dfa234f1%3A0x2aeb068182f67ba0!2sAion%20Tecno%20-%20Celulares%20e%20Computadores!5e0!3m2!1spt-PT!2sbr!4v1681786059614!5m2!1spt-PT!2sbr\" width=\"600\" height=\"450\" style=\"border:0;\" allowfullscreen=\"\" referrerpolicy=\"no-referrer-when-downgrade\" src=\"data:image\/svg+xml;base64,PHN2ZyB3aWR0aD0iMSIgaGVpZ2h0PSIxIiB4bWxucz0iaHR0cDovL3d3dy53My5vcmcvMjAwMC9zdmciPjwvc3ZnPg==\" class=\"lazyload\" data-load-mode=\"1\"><\/iframe>\n","protected":false},"excerpt":{"rendered":"<p>Rua Jo\u00e3o Fernando de Almeida Prado, 727 \u2013&nbsp;Centro \u2013 Macatuba \u2013 SP \u2013 17290-057<\/p>\n","protected":false},"author":1,"featured_media":0,"parent":0,"menu_order":0,"comment_status":"closed","ping_status":"closed","template":"","meta":{"footnotes":""},"class_list":["post-801","page","type-page","status-publish","hentry"],"yoast_head":"<!-- This site is optimized with the Yoast SEO plugin v25.3.1 - https:\/\/yoast.com\/wordpress\/plugins\/seo\/ -->\n<title>Localiza\u00e7\u00e3o - Aion Tecnologia<\/title>\n<meta name=\"description\" content=\"Local para voc\u00ea chegar a Aion Tecno. Estamos pr\u00f3ximos a Prefeitura Municipal de Macatuba.\" \/>\n<meta name=\"robots\" content=\"index, follow, max-snippet:-1, max-image-preview:large, max-video-preview:-1\" \/>\n<link rel=\"canonical\" href=\"https:\/\/aiontecno.com.br\/?page_id=801\" \/>\n<meta property=\"og:locale\" content=\"pt_BR\" \/>\n<meta property=\"og:type\" content=\"article\" \/>\n<meta property=\"og:title\" content=\"Localiza\u00e7\u00e3o - Aion Tecnologia\" \/>\n<meta property=\"og:description\" content=\"Local para voc\u00ea chegar a Aion Tecno. Estamos pr\u00f3ximos a Prefeitura Municipal de Macatuba.\" \/>\n<meta property=\"og:url\" content=\"https:\/\/aiontecno.com.br\/?page_id=801\" \/>\n<meta property=\"og:site_name\" content=\"Aion Tecnologia\" \/>\n<meta property=\"article:publisher\" content=\"https:\/\/www.facebook.com\/aioncelulares\" \/>\n<meta property=\"article:modified_time\" content=\"2023-04-18T03:08:11+00:00\" \/>\n<meta property=\"og:image\" content=\"https:\/\/aiontecno.com.br\/wp-content\/uploads\/2023\/04\/Frente-Loja-2-1024x461.jpg\" \/>\n<meta name=\"twitter:card\" content=\"summary_large_image\" \/>\n<meta name=\"twitter:label1\" content=\"Est. tempo de leitura\" \/>\n\t<meta name=\"twitter:data1\" content=\"1 minuto\" \/>\n<script type=\"application\/ld+json\" class=\"yoast-schema-graph\">{\"@context\":\"https:\/\/schema.org\",\"@graph\":[{\"@type\":\"WebPage\",\"@id\":\"https:\/\/aiontecno.com.br\/?page_id=801\",\"url\":\"https:\/\/aiontecno.com.br\/?page_id=801\",\"name\":\"Localiza\u00e7\u00e3o - Aion Tecnologia\",\"isPartOf\":{\"@id\":\"https:\/\/aiontecno.com.br\/#website\"},\"primaryImageOfPage\":{\"@id\":\"https:\/\/aiontecno.com.br\/?page_id=801#primaryimage\"},\"image\":{\"@id\":\"https:\/\/aiontecno.com.br\/?page_id=801#primaryimage\"},\"thumbnailUrl\":\"https:\/\/aiontecno.com.br\/wp-content\/uploads\/2023\/04\/Frente-Loja-2-1024x461.jpg\",\"datePublished\":\"2023-04-18T02:18:38+00:00\",\"dateModified\":\"2023-04-18T03:08:11+00:00\",\"description\":\"Local para voc\u00ea chegar a Aion Tecno. Estamos pr\u00f3ximos a Prefeitura Municipal de Macatuba.\",\"breadcrumb\":{\"@id\":\"https:\/\/aiontecno.com.br\/?page_id=801#breadcrumb\"},\"inLanguage\":\"pt-BR\",\"potentialAction\":[{\"@type\":\"ReadAction\",\"target\":[\"https:\/\/aiontecno.com.br\/?page_id=801\"]}]},{\"@type\":\"ImageObject\",\"inLanguage\":\"pt-BR\",\"@id\":\"https:\/\/aiontecno.com.br\/?page_id=801#primaryimage\",\"url\":\"https:\/\/aiontecno.com.br\/wp-content\/uploads\/2023\/04\/Frente-Loja-2.jpg\",\"contentUrl\":\"https:\/\/aiontecno.com.br\/wp-content\/uploads\/2023\/04\/Frente-Loja-2.jpg\",\"width\":1200,\"height\":540},{\"@type\":\"BreadcrumbList\",\"@id\":\"https:\/\/aiontecno.com.br\/?page_id=801#breadcrumb\",\"itemListElement\":[{\"@type\":\"ListItem\",\"position\":1,\"name\":\"In\u00edcio\",\"item\":\"https:\/\/aiontecno.com.br\/\"},{\"@type\":\"ListItem\",\"position\":2,\"name\":\"Localiza\u00e7\u00e3o\"}]},{\"@type\":\"WebSite\",\"@id\":\"https:\/\/aiontecno.com.br\/#website\",\"url\":\"https:\/\/aiontecno.com.br\/\",\"name\":\"Aion Tecnologia\",\"description\":\"Novidades, artigos, tutoriais e dicas sobre celulares e computadores\",\"publisher\":{\"@id\":\"https:\/\/aiontecno.com.br\/#organization\"},\"potentialAction\":[{\"@type\":\"SearchAction\",\"target\":{\"@type\":\"EntryPoint\",\"urlTemplate\":\"https:\/\/aiontecno.com.br\/?s={search_term_string}\"},\"query-input\":{\"@type\":\"PropertyValueSpecification\",\"valueRequired\":true,\"valueName\":\"search_term_string\"}}],\"inLanguage\":\"pt-BR\"},{\"@type\":\"Organization\",\"@id\":\"https:\/\/aiontecno.com.br\/#organization\",\"name\":\"Aion Tecnologia\",\"url\":\"https:\/\/aiontecno.com.br\/\",\"logo\":{\"@type\":\"ImageObject\",\"inLanguage\":\"pt-BR\",\"@id\":\"https:\/\/aiontecno.com.br\/#\/schema\/logo\/image\/\",\"url\":\"https:\/\/aiontecno.com.br\/wp-content\/uploads\/2023\/04\/Logo-Aion-Tecno-2.jpg\",\"contentUrl\":\"https:\/\/aiontecno.com.br\/wp-content\/uploads\/2023\/04\/Logo-Aion-Tecno-2.jpg\",\"width\":201,\"height\":65,\"caption\":\"Aion Tecnologia\"},\"image\":{\"@id\":\"https:\/\/aiontecno.com.br\/#\/schema\/logo\/image\/\"},\"sameAs\":[\"https:\/\/www.facebook.com\/aioncelulares\"]}]}<\/script>\n<!-- \/ Yoast SEO plugin. -->","yoast_head_json":{"title":"Localiza\u00e7\u00e3o - Aion Tecnologia","description":"Local para voc\u00ea chegar a Aion Tecno. Estamos pr\u00f3ximos a Prefeitura Municipal de Macatuba.","robots":{"index":"index","follow":"follow","max-snippet":"max-snippet:-1","max-image-preview":"max-image-preview:large","max-video-preview":"max-video-preview:-1"},"canonical":"https:\/\/aiontecno.com.br\/?page_id=801","og_locale":"pt_BR","og_type":"article","og_title":"Localiza\u00e7\u00e3o - Aion Tecnologia","og_description":"Local para voc\u00ea chegar a Aion Tecno. Estamos pr\u00f3ximos a Prefeitura Municipal de Macatuba.","og_url":"https:\/\/aiontecno.com.br\/?page_id=801","og_site_name":"Aion Tecnologia","article_publisher":"https:\/\/www.facebook.com\/aioncelulares","article_modified_time":"2023-04-18T03:08:11+00:00","og_image":[{"url":"https:\/\/aiontecno.com.br\/wp-content\/uploads\/2023\/04\/Frente-Loja-2-1024x461.jpg","type":"","width":"","height":""}],"twitter_card":"summary_large_image","twitter_misc":{"Est. tempo de leitura":"1 minuto"},"schema":{"@context":"https:\/\/schema.org","@graph":[{"@type":"WebPage","@id":"https:\/\/aiontecno.com.br\/?page_id=801","url":"https:\/\/aiontecno.com.br\/?page_id=801","name":"Localiza\u00e7\u00e3o - Aion Tecnologia","isPartOf":{"@id":"https:\/\/aiontecno.com.br\/#website"},"primaryImageOfPage":{"@id":"https:\/\/aiontecno.com.br\/?page_id=801#primaryimage"},"image":{"@id":"https:\/\/aiontecno.com.br\/?page_id=801#primaryimage"},"thumbnailUrl":"https:\/\/aiontecno.com.br\/wp-content\/uploads\/2023\/04\/Frente-Loja-2-1024x461.jpg","datePublished":"2023-04-18T02:18:38+00:00","dateModified":"2023-04-18T03:08:11+00:00","description":"Local para voc\u00ea chegar a Aion Tecno. Estamos pr\u00f3ximos a Prefeitura Municipal de Macatuba.","breadcrumb":{"@id":"https:\/\/aiontecno.com.br\/?page_id=801#breadcrumb"},"inLanguage":"pt-BR","potentialAction":[{"@type":"ReadAction","target":["https:\/\/aiontecno.com.br\/?page_id=801"]}]},{"@type":"ImageObject","inLanguage":"pt-BR","@id":"https:\/\/aiontecno.com.br\/?page_id=801#primaryimage","url":"https:\/\/aiontecno.com.br\/wp-content\/uploads\/2023\/04\/Frente-Loja-2.jpg","contentUrl":"https:\/\/aiontecno.com.br\/wp-content\/uploads\/2023\/04\/Frente-Loja-2.jpg","width":1200,"height":540},{"@type":"BreadcrumbList","@id":"https:\/\/aiontecno.com.br\/?page_id=801#breadcrumb","itemListElement":[{"@type":"ListItem","position":1,"name":"In\u00edcio","item":"https:\/\/aiontecno.com.br\/"},{"@type":"ListItem","position":2,"name":"Localiza\u00e7\u00e3o"}]},{"@type":"WebSite","@id":"https:\/\/aiontecno.com.br\/#website","url":"https:\/\/aiontecno.com.br\/","name":"Aion Tecnologia","description":"Novidades, artigos, tutoriais e dicas sobre celulares e computadores","publisher":{"@id":"https:\/\/aiontecno.com.br\/#organization"},"potentialAction":[{"@type":"SearchAction","target":{"@type":"EntryPoint","urlTemplate":"https:\/\/aiontecno.com.br\/?s={search_term_string}"},"query-input":{"@type":"PropertyValueSpecification","valueRequired":true,"valueName":"search_term_string"}}],"inLanguage":"pt-BR"},{"@type":"Organization","@id":"https:\/\/aiontecno.com.br\/#organization","name":"Aion Tecnologia","url":"https:\/\/aiontecno.com.br\/","logo":{"@type":"ImageObject","inLanguage":"pt-BR","@id":"https:\/\/aiontecno.com.br\/#\/schema\/logo\/image\/","url":"https:\/\/aiontecno.com.br\/wp-content\/uploads\/2023\/04\/Logo-Aion-Tecno-2.jpg","contentUrl":"https:\/\/aiontecno.com.br\/wp-content\/uploads\/2023\/04\/Logo-Aion-Tecno-2.jpg","width":201,"height":65,"caption":"Aion Tecnologia"},"image":{"@id":"https:\/\/aiontecno.com.br\/#\/schema\/logo\/image\/"},"sameAs":["https:\/\/www.facebook.com\/aioncelulares"]}]}},"_links":{"self":[{"href":"https:\/\/aiontecno.com.br\/index.php?rest_route=\/wp\/v2\/pages\/801","targetHints":{"allow":["GET"]}}],"collection":[{"href":"https:\/\/aiontecno.com.br\/index.php?rest_route=\/wp\/v2\/pages"}],"about":[{"href":"https:\/\/aiontecno.com.br\/index.php?rest_route=\/wp\/v2\/types\/page"}],"author":[{"embeddable":true,"href":"https:\/\/aiontecno.com.br\/index.php?rest_route=\/wp\/v2\/users\/1"}],"replies":[{"embeddable":true,"href":"https:\/\/aiontecno.com.br\/index.php?rest_route=%2Fwp%2Fv2%2Fcomments&post=801"}],"version-history":[{"count":5,"href":"https:\/\/aiontecno.com.br\/index.php?rest_route=\/wp\/v2\/pages\/801\/revisions"}],"predecessor-version":[{"id":816,"href":"https:\/\/aiontecno.com.br\/index.php?rest_route=\/wp\/v2\/pages\/801\/revisions\/816"}],"wp:attachment":[{"href":"https:\/\/aiontecno.com.br\/index.php?rest_route=%2Fwp%2Fv2%2Fmedia&parent=801"}],"curies":[{"name":"wp","href":"https:\/\/api.w.org\/{rel}","templated":true}]}}