{"id":536,"date":"2023-04-05T23:16:41","date_gmt":"2023-04-06T02:16:41","guid":{"rendered":"https:\/\/aiontecno.com.br\/?page_id=536"},"modified":"2023-04-05T23:16:41","modified_gmt":"2023-04-06T02:16:41","slug":"sobre-nos","status":"publish","type":"page","link":"https:\/\/aiontecno.com.br\/?page_id=536","title":{"rendered":"Sobre n\u00f3s"},"content":{"rendered":"\n<p>A Aion Tecno \u00e9 uma empresa de tecnologia que se destaca por fornecer solu\u00e7\u00f5es inovadoras e eficientes para seus clientes. Com sede em Macatuba e atua\u00e7\u00e3o em manuten\u00e7\u00e3o de celulares e computadores, a empresa conta com uma equipe qualificada de profissionais e laborat\u00f3rio de ponta. A miss\u00e3o da Aion Tecnologia \u00e9 fornecer as melhores solu\u00e7\u00f5es, sempre buscando a excel\u00eancia em seus produtos e servi\u00e7os. Al\u00e9m disso, a empresa se preocupa em estar sempre atualizada em rela\u00e7\u00e3o \u00e0s novas tecnologias e tend\u00eancias de mercado.<\/p>\n","protected":false},"excerpt":{"rendered":"<p>A Aion Tecno \u00e9 uma empresa de tecnologia que se destaca por fornecer solu\u00e7\u00f5es inovadoras e eficientes para seus clientes. Com sede em Macatuba e atua\u00e7\u00e3o em manuten\u00e7\u00e3o de celulares e computadores, a empresa conta com uma equipe qualificada de profissionais e laborat\u00f3rio de ponta. A miss\u00e3o da Aion Tecnologia \u00e9 fornecer as melhores solu\u00e7\u00f5es, [&hellip;]<\/p>\n","protected":false},"author":1,"featured_media":0,"parent":0,"menu_order":0,"comment_status":"closed","ping_status":"closed","template":"","meta":{"footnotes":""},"class_list":["post-536","page","type-page","status-publish","hentry"],"yoast_head":"<!-- This site is optimized with the Yoast SEO plugin v25.3.1 - https:\/\/yoast.com\/wordpress\/plugins\/seo\/ -->\n<title>Sobre n\u00f3s - Aion Tecnologia<\/title>\n<meta name=\"robots\" content=\"index, follow, max-snippet:-1, max-image-preview:large, max-video-preview:-1\" \/>\n<link rel=\"canonical\" href=\"https:\/\/aiontecno.com.br\/?page_id=536\" \/>\n<meta property=\"og:locale\" content=\"pt_BR\" \/>\n<meta property=\"og:type\" content=\"article\" \/>\n<meta property=\"og:title\" content=\"Sobre n\u00f3s - Aion Tecnologia\" \/>\n<meta property=\"og:description\" content=\"A Aion Tecno \u00e9 uma empresa de tecnologia que se destaca por fornecer solu\u00e7\u00f5es inovadoras e eficientes para seus clientes. Com sede em Macatuba e atua\u00e7\u00e3o em manuten\u00e7\u00e3o de celulares e computadores, a empresa conta com uma equipe qualificada de profissionais e laborat\u00f3rio de ponta. A miss\u00e3o da Aion Tecnologia \u00e9 fornecer as melhores solu\u00e7\u00f5es, [&hellip;]\" \/>\n<meta property=\"og:url\" content=\"https:\/\/aiontecno.com.br\/?page_id=536\" \/>\n<meta property=\"og:site_name\" content=\"Aion Tecnologia\" \/>\n<meta property=\"article:publisher\" content=\"https:\/\/www.facebook.com\/aioncelulares\" \/>\n<meta name=\"twitter:card\" content=\"summary_large_image\" \/>\n<script type=\"application\/ld+json\" class=\"yoast-schema-graph\">{\"@context\":\"https:\/\/schema.org\",\"@graph\":[{\"@type\":\"WebPage\",\"@id\":\"https:\/\/aiontecno.com.br\/?page_id=536\",\"url\":\"https:\/\/aiontecno.com.br\/?page_id=536\",\"name\":\"Sobre n\u00f3s - Aion Tecnologia\",\"isPartOf\":{\"@id\":\"https:\/\/aiontecno.com.br\/#website\"},\"datePublished\":\"2023-04-06T02:16:41+00:00\",\"breadcrumb\":{\"@id\":\"https:\/\/aiontecno.com.br\/?page_id=536#breadcrumb\"},\"inLanguage\":\"pt-BR\",\"potentialAction\":[{\"@type\":\"ReadAction\",\"target\":[\"https:\/\/aiontecno.com.br\/?page_id=536\"]}]},{\"@type\":\"BreadcrumbList\",\"@id\":\"https:\/\/aiontecno.com.br\/?page_id=536#breadcrumb\",\"itemListElement\":[{\"@type\":\"ListItem\",\"position\":1,\"name\":\"In\u00edcio\",\"item\":\"https:\/\/aiontecno.com.br\/\"},{\"@type\":\"ListItem\",\"position\":2,\"name\":\"Sobre n\u00f3s\"}]},{\"@type\":\"WebSite\",\"@id\":\"https:\/\/aiontecno.com.br\/#website\",\"url\":\"https:\/\/aiontecno.com.br\/\",\"name\":\"Aion Tecnologia\",\"description\":\"Novidades, artigos, tutoriais e dicas sobre celulares e computadores\",\"publisher\":{\"@id\":\"https:\/\/aiontecno.com.br\/#organization\"},\"potentialAction\":[{\"@type\":\"SearchAction\",\"target\":{\"@type\":\"EntryPoint\",\"urlTemplate\":\"https:\/\/aiontecno.com.br\/?s={search_term_string}\"},\"query-input\":{\"@type\":\"PropertyValueSpecification\",\"valueRequired\":true,\"valueName\":\"search_term_string\"}}],\"inLanguage\":\"pt-BR\"},{\"@type\":\"Organization\",\"@id\":\"https:\/\/aiontecno.com.br\/#organization\",\"name\":\"Aion Tecnologia\",\"url\":\"https:\/\/aiontecno.com.br\/\",\"logo\":{\"@type\":\"ImageObject\",\"inLanguage\":\"pt-BR\",\"@id\":\"https:\/\/aiontecno.com.br\/#\/schema\/logo\/image\/\",\"url\":\"https:\/\/aiontecno.com.br\/wp-content\/uploads\/2023\/04\/Logo-Aion-Tecno-2.jpg\",\"contentUrl\":\"https:\/\/aiontecno.com.br\/wp-content\/uploads\/2023\/04\/Logo-Aion-Tecno-2.jpg\",\"width\":201,\"height\":65,\"caption\":\"Aion Tecnologia\"},\"image\":{\"@id\":\"https:\/\/aiontecno.com.br\/#\/schema\/logo\/image\/\"},\"sameAs\":[\"https:\/\/www.facebook.com\/aioncelulares\"]}]}<\/script>\n<!-- \/ Yoast SEO plugin. -->","yoast_head_json":{"title":"Sobre n\u00f3s - Aion Tecnologia","robots":{"index":"index","follow":"follow","max-snippet":"max-snippet:-1","max-image-preview":"max-image-preview:large","max-video-preview":"max-video-preview:-1"},"canonical":"https:\/\/aiontecno.com.br\/?page_id=536","og_locale":"pt_BR","og_type":"article","og_title":"Sobre n\u00f3s - Aion Tecnologia","og_description":"A Aion Tecno \u00e9 uma empresa de tecnologia que se destaca por fornecer solu\u00e7\u00f5es inovadoras e eficientes para seus clientes. Com sede em Macatuba e atua\u00e7\u00e3o em manuten\u00e7\u00e3o de celulares e computadores, a empresa conta com uma equipe qualificada de profissionais e laborat\u00f3rio de ponta. A miss\u00e3o da Aion Tecnologia \u00e9 fornecer as melhores solu\u00e7\u00f5es, [&hellip;]","og_url":"https:\/\/aiontecno.com.br\/?page_id=536","og_site_name":"Aion Tecnologia","article_publisher":"https:\/\/www.facebook.com\/aioncelulares","twitter_card":"summary_large_image","schema":{"@context":"https:\/\/schema.org","@graph":[{"@type":"WebPage","@id":"https:\/\/aiontecno.com.br\/?page_id=536","url":"https:\/\/aiontecno.com.br\/?page_id=536","name":"Sobre n\u00f3s - Aion Tecnologia","isPartOf":{"@id":"https:\/\/aiontecno.com.br\/#website"},"datePublished":"2023-04-06T02:16:41+00:00","breadcrumb":{"@id":"https:\/\/aiontecno.com.br\/?page_id=536#breadcrumb"},"inLanguage":"pt-BR","potentialAction":[{"@type":"ReadAction","target":["https:\/\/aiontecno.com.br\/?page_id=536"]}]},{"@type":"BreadcrumbList","@id":"https:\/\/aiontecno.com.br\/?page_id=536#breadcrumb","itemListElement":[{"@type":"ListItem","position":1,"name":"In\u00edcio","item":"https:\/\/aiontecno.com.br\/"},{"@type":"ListItem","position":2,"name":"Sobre n\u00f3s"}]},{"@type":"WebSite","@id":"https:\/\/aiontecno.com.br\/#website","url":"https:\/\/aiontecno.com.br\/","name":"Aion Tecnologia","description":"Novidades, artigos, tutoriais e dicas sobre celulares e computadores","publisher":{"@id":"https:\/\/aiontecno.com.br\/#organization"},"potentialAction":[{"@type":"SearchAction","target":{"@type":"EntryPoint","urlTemplate":"https:\/\/aiontecno.com.br\/?s={search_term_string}"},"query-input":{"@type":"PropertyValueSpecification","valueRequired":true,"valueName":"search_term_string"}}],"inLanguage":"pt-BR"},{"@type":"Organization","@id":"https:\/\/aiontecno.com.br\/#organization","name":"Aion Tecnologia","url":"https:\/\/aiontecno.com.br\/","logo":{"@type":"ImageObject","inLanguage":"pt-BR","@id":"https:\/\/aiontecno.com.br\/#\/schema\/logo\/image\/","url":"https:\/\/aiontecno.com.br\/wp-content\/uploads\/2023\/04\/Logo-Aion-Tecno-2.jpg","contentUrl":"https:\/\/aiontecno.com.br\/wp-content\/uploads\/2023\/04\/Logo-Aion-Tecno-2.jpg","width":201,"height":65,"caption":"Aion Tecnologia"},"image":{"@id":"https:\/\/aiontecno.com.br\/#\/schema\/logo\/image\/"},"sameAs":["https:\/\/www.facebook.com\/aioncelulares"]}]}},"_links":{"self":[{"href":"https:\/\/aiontecno.com.br\/index.php?rest_route=\/wp\/v2\/pages\/536","targetHints":{"allow":["GET"]}}],"collection":[{"href":"https:\/\/aiontecno.com.br\/index.php?rest_route=\/wp\/v2\/pages"}],"about":[{"href":"https:\/\/aiontecno.com.br\/index.php?rest_route=\/wp\/v2\/types\/page"}],"author":[{"embeddable":true,"href":"https:\/\/aiontecno.com.br\/index.php?rest_route=\/wp\/v2\/users\/1"}],"replies":[{"embeddable":true,"href":"https:\/\/aiontecno.com.br\/index.php?rest_route=%2Fwp%2Fv2%2Fcomments&post=536"}],"version-history":[{"count":1,"href":"https:\/\/aiontecno.com.br\/index.php?rest_route=\/wp\/v2\/pages\/536\/revisions"}],"predecessor-version":[{"id":537,"href":"https:\/\/aiontecno.com.br\/index.php?rest_route=\/wp\/v2\/pages\/536\/revisions\/537"}],"wp:attachment":[{"href":"https:\/\/aiontecno.com.br\/index.php?rest_route=%2Fwp%2Fv2%2Fmedia&parent=536"}],"curies":[{"name":"wp","href":"https:\/\/api.w.org\/{rel}","templated":true}]}}